{"id":1124,"date":"2023-05-01T15:13:17","date_gmt":"2023-05-01T15:13:17","guid":{"rendered":"https:\/\/spezialholzerei-schauli.ch\/cms\/?page_id=1124"},"modified":"2023-06-28T17:35:52","modified_gmt":"2023-06-28T17:35:52","slug":"maschinenpark","status":"publish","type":"page","link":"https:\/\/spezialholzerei-schauli.ch\/cms\/maschinenpark\/","title":{"rendered":"Maschinenpark"},"content":{"rendered":"\t\t<div data-elementor-type=\"wp-page\" data-elementor-id=\"1124\" class=\"elementor elementor-1124\" data-elementor-post-type=\"page\">\n\t\t\t\t\t\t<section class=\"elementor-section elementor-top-section elementor-element elementor-element-9b3d72b elementor-section-full_width elementor-section-height-default elementor-section-height-default elementor-invisible\" data-id=\"9b3d72b\" data-element_type=\"section\" data-e-type=\"section\" data-settings=\"{&quot;animation&quot;:&quot;zoomInUp&quot;}\">\n\t\t\t\t\t\t<div class=\"elementor-container elementor-column-gap-default\">\n\t\t\t\t\t<div class=\"elementor-column elementor-col-100 elementor-top-column elementor-element elementor-element-e619a8d\" data-id=\"e619a8d\" data-element_type=\"column\" data-e-type=\"column\">\n\t\t\t<div class=\"elementor-widget-wrap elementor-element-populated\">\n\t\t\t\t\t\t<div class=\"elementor-element elementor-element-b57f057 elementor-grid-tablet-1 elementor-grid-3 elementor-grid-mobile-1 elementor-posts--thumbnail-top elementor-card-shadow-yes elementor-posts__hover-gradient elementor-invisible elementor-widget elementor-widget-posts\" data-id=\"b57f057\" data-element_type=\"widget\" data-e-type=\"widget\" data-settings=\"{&quot;_animation&quot;:&quot;zoomIn&quot;,&quot;cards_row_gap&quot;:{&quot;unit&quot;:&quot;px&quot;,&quot;size&quot;:30,&quot;sizes&quot;:[]},&quot;cards_columns_tablet&quot;:&quot;1&quot;,&quot;pagination_type&quot;:&quot;load_more_infinite_scroll&quot;,&quot;load_more_spinner&quot;:{&quot;value&quot;:&quot;fas fa-sync&quot;,&quot;library&quot;:&quot;fa-solid&quot;},&quot;cards_columns&quot;:&quot;3&quot;,&quot;cards_columns_mobile&quot;:&quot;1&quot;,&quot;cards_row_gap_tablet&quot;:{&quot;unit&quot;:&quot;px&quot;,&quot;size&quot;:&quot;&quot;,&quot;sizes&quot;:[]},&quot;cards_row_gap_mobile&quot;:{&quot;unit&quot;:&quot;px&quot;,&quot;size&quot;:&quot;&quot;,&quot;sizes&quot;:[]}}\" data-widget_type=\"posts.cards\">\n\t\t\t\t<div class=\"elementor-widget-container\">\n\t\t\t\t\t\t\t<div class=\"elementor-posts-container elementor-posts elementor-posts--skin-cards elementor-grid\" role=\"list\">\n\t\t\t\t<article class=\"elementor-post elementor-grid-item post-2056 post type-post status-publish format-standard has-post-thumbnail hentry category-maschine\" role=\"listitem\">\n\t\t\t<div class=\"elementor-post__card\">\n\t\t\t\t<a class=\"elementor-post__thumbnail__link\" href=\"https:\/\/spezialholzerei-schauli.ch\/cms\/forstmulcher-meri-crusher\/\" tabindex=\"-1\" ><div class=\"elementor-post__thumbnail\"><img fetchpriority=\"high\" decoding=\"async\" width=\"2500\" height=\"1645\" src=\"https:\/\/spezialholzerei-schauli.ch\/cms\/wp-content\/uploads\/2023\/06\/Forstmulcher-1.jpg\" class=\"attachment-full size-full wp-image-2870\" alt=\"\" srcset=\"https:\/\/spezialholzerei-schauli.ch\/cms\/wp-content\/uploads\/2023\/06\/Forstmulcher-1.jpg 2500w, https:\/\/spezialholzerei-schauli.ch\/cms\/wp-content\/uploads\/2023\/06\/Forstmulcher-1-300x197.jpg 300w, https:\/\/spezialholzerei-schauli.ch\/cms\/wp-content\/uploads\/2023\/06\/Forstmulcher-1-1024x674.jpg 1024w, https:\/\/spezialholzerei-schauli.ch\/cms\/wp-content\/uploads\/2023\/06\/Forstmulcher-1-768x505.jpg 768w, https:\/\/spezialholzerei-schauli.ch\/cms\/wp-content\/uploads\/2023\/06\/Forstmulcher-1-1536x1011.jpg 1536w, https:\/\/spezialholzerei-schauli.ch\/cms\/wp-content\/uploads\/2023\/06\/Forstmulcher-1-2048x1348.jpg 2048w\" sizes=\"(max-width: 2500px) 100vw, 2500px\" \/><\/div><\/a>\n\t\t\t\t<div class=\"elementor-post__text\">\n\t\t\t\t<h3 class=\"elementor-post__title\">\n\t\t\t<a href=\"https:\/\/spezialholzerei-schauli.ch\/cms\/forstmulcher-meri-crusher\/\" >\n\t\t\t\tForstmulcher\t\t\t<\/a>\n\t\t<\/h3>\n\t\t\t\t<div class=\"elementor-post__excerpt\">\n\t\t\t<p>Mit einem Forstmulcher kann \u00fcber kleinere abges\u00e4gte Baumwurzeln gefahren werden. Auf diese Weise m\u00fcssen diese nicht extra ausgefr\u00e4st werden. Der Forstmulcher wird vor allem f\u00fcr<\/p>\n\t\t<\/div>\n\t\t\n\t\t<a class=\"elementor-post__read-more\" href=\"https:\/\/spezialholzerei-schauli.ch\/cms\/forstmulcher-meri-crusher\/\" aria-label=\"Mehr \u00fcber Forstmulcher\" tabindex=\"-1\" >\n\t\t\tAnzeigen \u00bb\t\t<\/a>\n\n\t\t\t\t<\/div>\n\t\t\t\t\t<\/div>\n\t\t<\/article>\n\t\t\t\t<article class=\"elementor-post elementor-grid-item post-1417 post type-post status-publish format-standard has-post-thumbnail hentry category-maschine\" role=\"listitem\">\n\t\t\t<div class=\"elementor-post__card\">\n\t\t\t\t<a class=\"elementor-post__thumbnail__link\" href=\"https:\/\/spezialholzerei-schauli.ch\/cms\/holzhacker-heizomat\/\" tabindex=\"-1\" ><div class=\"elementor-post__thumbnail\"><img decoding=\"async\" width=\"1600\" height=\"1200\" src=\"https:\/\/spezialholzerei-schauli.ch\/cms\/wp-content\/uploads\/2023\/05\/PHOTO-2023-02-17-07-04-36-6.jpg\" class=\"attachment-full size-full wp-image-1427\" alt=\"\" srcset=\"https:\/\/spezialholzerei-schauli.ch\/cms\/wp-content\/uploads\/2023\/05\/PHOTO-2023-02-17-07-04-36-6.jpg 1600w, https:\/\/spezialholzerei-schauli.ch\/cms\/wp-content\/uploads\/2023\/05\/PHOTO-2023-02-17-07-04-36-6-300x225.jpg 300w, https:\/\/spezialholzerei-schauli.ch\/cms\/wp-content\/uploads\/2023\/05\/PHOTO-2023-02-17-07-04-36-6-1024x768.jpg 1024w, https:\/\/spezialholzerei-schauli.ch\/cms\/wp-content\/uploads\/2023\/05\/PHOTO-2023-02-17-07-04-36-6-768x576.jpg 768w, https:\/\/spezialholzerei-schauli.ch\/cms\/wp-content\/uploads\/2023\/05\/PHOTO-2023-02-17-07-04-36-6-1536x1152.jpg 1536w\" sizes=\"(max-width: 1600px) 100vw, 1600px\" \/><\/div><\/a>\n\t\t\t\t<div class=\"elementor-post__text\">\n\t\t\t\t<h3 class=\"elementor-post__title\">\n\t\t\t<a href=\"https:\/\/spezialholzerei-schauli.ch\/cms\/holzhacker-heizomat\/\" >\n\t\t\t\tHolzhacker Heizomat\t\t\t<\/a>\n\t\t<\/h3>\n\t\t\t\t<div class=\"elementor-post__excerpt\">\n\t\t\t<p>Mit dem Holzhacker Heizomat k\u00f6nnen wir Ihnen gr\u00f6ssere Mengen an Holz\/Asthaufen in Schnitzel hacken. Dies ist bis zu einem Baumstamm-Durchmesser von 80 cm m\u00f6glich. Zu<\/p>\n\t\t<\/div>\n\t\t\n\t\t<a class=\"elementor-post__read-more\" href=\"https:\/\/spezialholzerei-schauli.ch\/cms\/holzhacker-heizomat\/\" aria-label=\"Mehr \u00fcber Holzhacker Heizomat\" tabindex=\"-1\" >\n\t\t\tAnzeigen \u00bb\t\t<\/a>\n\n\t\t\t\t<\/div>\n\t\t\t\t\t<\/div>\n\t\t<\/article>\n\t\t\t\t<article class=\"elementor-post elementor-grid-item post-2881 post type-post status-publish format-standard has-post-thumbnail hentry category-maschine\" role=\"listitem\">\n\t\t\t<div class=\"elementor-post__card\">\n\t\t\t\t<a class=\"elementor-post__thumbnail__link\" href=\"https:\/\/spezialholzerei-schauli.ch\/cms\/kranwagen-12m-reichweite\/\" tabindex=\"-1\" ><div class=\"elementor-post__thumbnail\"><img decoding=\"async\" width=\"1600\" height=\"1200\" src=\"https:\/\/spezialholzerei-schauli.ch\/cms\/wp-content\/uploads\/2023\/06\/PHOTO-2023-06-29-17-54-15-2.jpg\" class=\"attachment-full size-full wp-image-2876\" alt=\"\" srcset=\"https:\/\/spezialholzerei-schauli.ch\/cms\/wp-content\/uploads\/2023\/06\/PHOTO-2023-06-29-17-54-15-2.jpg 1600w, https:\/\/spezialholzerei-schauli.ch\/cms\/wp-content\/uploads\/2023\/06\/PHOTO-2023-06-29-17-54-15-2-300x225.jpg 300w, https:\/\/spezialholzerei-schauli.ch\/cms\/wp-content\/uploads\/2023\/06\/PHOTO-2023-06-29-17-54-15-2-1024x768.jpg 1024w, https:\/\/spezialholzerei-schauli.ch\/cms\/wp-content\/uploads\/2023\/06\/PHOTO-2023-06-29-17-54-15-2-768x576.jpg 768w, https:\/\/spezialholzerei-schauli.ch\/cms\/wp-content\/uploads\/2023\/06\/PHOTO-2023-06-29-17-54-15-2-1536x1152.jpg 1536w\" sizes=\"(max-width: 1600px) 100vw, 1600px\" \/><\/div><\/a>\n\t\t\t\t<div class=\"elementor-post__text\">\n\t\t\t\t<h3 class=\"elementor-post__title\">\n\t\t\t<a href=\"https:\/\/spezialholzerei-schauli.ch\/cms\/kranwagen-12m-reichweite\/\" >\n\t\t\t\tKranwagen mit 12m Reichweite\t\t\t<\/a>\n\t\t<\/h3>\n\t\t\t\t<div class=\"elementor-post__excerpt\">\n\t\t\t<p>Unseren Kranwagen haben wir top ausger\u00fcstet, damit wir jeden Kundenwunsch erf\u00fcllen k\u00f6nnen. Mit unserem 12m Kran, dem Holzgreifer und dem F\u00e4llgreifer k\u00f6nnen wir nicht nur<\/p>\n\t\t<\/div>\n\t\t\n\t\t<a class=\"elementor-post__read-more\" href=\"https:\/\/spezialholzerei-schauli.ch\/cms\/kranwagen-12m-reichweite\/\" aria-label=\"Mehr \u00fcber Kranwagen mit 12m Reichweite\" tabindex=\"-1\" >\n\t\t\tAnzeigen \u00bb\t\t<\/a>\n\n\t\t\t\t<\/div>\n\t\t\t\t\t<\/div>\n\t\t<\/article>\n\t\t\t\t<article class=\"elementor-post elementor-grid-item post-1470 post type-post status-publish format-standard has-post-thumbnail hentry category-maschine\" role=\"listitem\">\n\t\t\t<div class=\"elementor-post__card\">\n\t\t\t\t<a class=\"elementor-post__thumbnail__link\" href=\"https:\/\/spezialholzerei-schauli.ch\/cms\/lkw-volvo-fmx-hakengeraet-fuer-mulde\/\" tabindex=\"-1\" ><div class=\"elementor-post__thumbnail\"><img loading=\"lazy\" decoding=\"async\" width=\"1600\" height=\"1200\" src=\"https:\/\/spezialholzerei-schauli.ch\/cms\/wp-content\/uploads\/2023\/05\/PHOTO-2023-04-26-11-40-16-2.jpg\" class=\"attachment-full size-full wp-image-1471\" alt=\"\" srcset=\"https:\/\/spezialholzerei-schauli.ch\/cms\/wp-content\/uploads\/2023\/05\/PHOTO-2023-04-26-11-40-16-2.jpg 1600w, https:\/\/spezialholzerei-schauli.ch\/cms\/wp-content\/uploads\/2023\/05\/PHOTO-2023-04-26-11-40-16-2-300x225.jpg 300w, https:\/\/spezialholzerei-schauli.ch\/cms\/wp-content\/uploads\/2023\/05\/PHOTO-2023-04-26-11-40-16-2-1024x768.jpg 1024w, https:\/\/spezialholzerei-schauli.ch\/cms\/wp-content\/uploads\/2023\/05\/PHOTO-2023-04-26-11-40-16-2-768x576.jpg 768w, https:\/\/spezialholzerei-schauli.ch\/cms\/wp-content\/uploads\/2023\/05\/PHOTO-2023-04-26-11-40-16-2-1536x1152.jpg 1536w\" sizes=\"(max-width: 1600px) 100vw, 1600px\" \/><\/div><\/a>\n\t\t\t\t<div class=\"elementor-post__text\">\n\t\t\t\t<h3 class=\"elementor-post__title\">\n\t\t\t<a href=\"https:\/\/spezialholzerei-schauli.ch\/cms\/lkw-volvo-fmx-hakengeraet-fuer-mulde\/\" >\n\t\t\t\tLKW Volvo FMX Hakenger\u00e4t f\u00fcr Mulde\t\t\t<\/a>\n\t\t<\/h3>\n\t\t\t\t<div class=\"elementor-post__excerpt\">\n\t\t\t<p>LKW Volvo FMX 4 Achser mit Hakenger\u00e4t, welches f\u00fcr den Mulden Service gebraucht wird. Mit unserem Mulden Service bedienen wir Private und Gesch\u00e4ftskunden. Die Mulden<\/p>\n\t\t<\/div>\n\t\t\n\t\t<a class=\"elementor-post__read-more\" href=\"https:\/\/spezialholzerei-schauli.ch\/cms\/lkw-volvo-fmx-hakengeraet-fuer-mulde\/\" aria-label=\"Mehr \u00fcber LKW Volvo FMX Hakenger\u00e4t f\u00fcr Mulde\" tabindex=\"-1\" >\n\t\t\tAnzeigen \u00bb\t\t<\/a>\n\n\t\t\t\t<\/div>\n\t\t\t\t\t<\/div>\n\t\t<\/article>\n\t\t\t\t<article class=\"elementor-post elementor-grid-item post-2064 post type-post status-publish format-standard has-post-thumbnail hentry category-maschine\" role=\"listitem\">\n\t\t\t<div class=\"elementor-post__card\">\n\t\t\t\t<a class=\"elementor-post__thumbnail__link\" href=\"https:\/\/spezialholzerei-schauli.ch\/cms\/lkw-volvo-fmx-zweiseitiger-kipper\/\" tabindex=\"-1\" ><div class=\"elementor-post__thumbnail\"><img loading=\"lazy\" decoding=\"async\" width=\"1600\" height=\"1200\" src=\"https:\/\/spezialholzerei-schauli.ch\/cms\/wp-content\/uploads\/2023\/05\/PHOTO-2023-04-26-11-42-19.jpg\" class=\"attachment-full size-full wp-image-1477\" alt=\"\" srcset=\"https:\/\/spezialholzerei-schauli.ch\/cms\/wp-content\/uploads\/2023\/05\/PHOTO-2023-04-26-11-42-19.jpg 1600w, https:\/\/spezialholzerei-schauli.ch\/cms\/wp-content\/uploads\/2023\/05\/PHOTO-2023-04-26-11-42-19-300x225.jpg 300w, https:\/\/spezialholzerei-schauli.ch\/cms\/wp-content\/uploads\/2023\/05\/PHOTO-2023-04-26-11-42-19-1024x768.jpg 1024w, https:\/\/spezialholzerei-schauli.ch\/cms\/wp-content\/uploads\/2023\/05\/PHOTO-2023-04-26-11-42-19-768x576.jpg 768w, https:\/\/spezialholzerei-schauli.ch\/cms\/wp-content\/uploads\/2023\/05\/PHOTO-2023-04-26-11-42-19-1536x1152.jpg 1536w\" sizes=\"(max-width: 1600px) 100vw, 1600px\" \/><\/div><\/a>\n\t\t\t\t<div class=\"elementor-post__text\">\n\t\t\t\t<h3 class=\"elementor-post__title\">\n\t\t\t<a href=\"https:\/\/spezialholzerei-schauli.ch\/cms\/lkw-volvo-fmx-zweiseitiger-kipper\/\" >\n\t\t\t\tLKW Volvo FMX\u00a0zweiseitiger Kipper\t\t\t<\/a>\n\t\t<\/h3>\n\t\t\t\t<div class=\"elementor-post__excerpt\">\n\t\t\t<p>Unser f\u00fcnfachsiger Kipper kann das Ladegut sowohl links als auch rechts auskippen.<\/p>\n\t\t<\/div>\n\t\t\n\t\t<a class=\"elementor-post__read-more\" href=\"https:\/\/spezialholzerei-schauli.ch\/cms\/lkw-volvo-fmx-zweiseitiger-kipper\/\" aria-label=\"Mehr \u00fcber LKW Volvo FMX\u00a0zweiseitiger Kipper\" tabindex=\"-1\" >\n\t\t\tAnzeigen \u00bb\t\t<\/a>\n\n\t\t\t\t<\/div>\n\t\t\t\t\t<\/div>\n\t\t<\/article>\n\t\t\t\t<article class=\"elementor-post elementor-grid-item post-1312 post type-post status-publish format-standard has-post-thumbnail hentry category-maschine\" role=\"listitem\">\n\t\t\t<div class=\"elementor-post__card\">\n\t\t\t\t<a class=\"elementor-post__thumbnail__link\" href=\"https:\/\/spezialholzerei-schauli.ch\/cms\/radlader-mecalac-11mwr\/\" tabindex=\"-1\" ><div class=\"elementor-post__thumbnail\"><img loading=\"lazy\" decoding=\"async\" width=\"1200\" height=\"1600\" src=\"https:\/\/spezialholzerei-schauli.ch\/cms\/wp-content\/uploads\/2023\/05\/PHOTO-2023-03-04-20-11-42.jpg\" class=\"attachment-full size-full wp-image-1297\" alt=\"\" srcset=\"https:\/\/spezialholzerei-schauli.ch\/cms\/wp-content\/uploads\/2023\/05\/PHOTO-2023-03-04-20-11-42.jpg 1200w, https:\/\/spezialholzerei-schauli.ch\/cms\/wp-content\/uploads\/2023\/05\/PHOTO-2023-03-04-20-11-42-225x300.jpg 225w, https:\/\/spezialholzerei-schauli.ch\/cms\/wp-content\/uploads\/2023\/05\/PHOTO-2023-03-04-20-11-42-768x1024.jpg 768w, https:\/\/spezialholzerei-schauli.ch\/cms\/wp-content\/uploads\/2023\/05\/PHOTO-2023-03-04-20-11-42-1152x1536.jpg 1152w\" sizes=\"(max-width: 1200px) 100vw, 1200px\" \/><\/div><\/a>\n\t\t\t\t<div class=\"elementor-post__text\">\n\t\t\t\t<h3 class=\"elementor-post__title\">\n\t\t\t<a href=\"https:\/\/spezialholzerei-schauli.ch\/cms\/radlader-mecalac-11mwr\/\" >\n\t\t\t\tRadbagger Mecalac 11MWR\t\t\t<\/a>\n\t\t<\/h3>\n\t\t\t\t<div class=\"elementor-post__excerpt\">\n\t\t\t<p>Diese multifunktionale Maschine kann wie folgt umfunktioniert werden: als Forstmulcher zum mulchen von Geb\u00fcschen, Waldr\u00e4ndern, Str\u00e4ucher, kleinen Wurzeln Arbeitsbreite bis 1.2m Reichweite bis 6.5m als<\/p>\n\t\t<\/div>\n\t\t\n\t\t<a class=\"elementor-post__read-more\" href=\"https:\/\/spezialholzerei-schauli.ch\/cms\/radlader-mecalac-11mwr\/\" aria-label=\"Mehr \u00fcber Radbagger Mecalac 11MWR\" tabindex=\"-1\" >\n\t\t\tAnzeigen \u00bb\t\t<\/a>\n\n\t\t\t\t<\/div>\n\t\t\t\t\t<\/div>\n\t\t<\/article>\n\t\t\t\t<article class=\"elementor-post elementor-grid-item post-1352 post type-post status-publish format-standard has-post-thumbnail hentry category-maschine\" role=\"listitem\">\n\t\t\t<div class=\"elementor-post__card\">\n\t\t\t\t<a class=\"elementor-post__thumbnail__link\" href=\"https:\/\/spezialholzerei-schauli.ch\/cms\/teleskopstapler-merlo-60-24-mcss-roto\/\" tabindex=\"-1\" ><div class=\"elementor-post__thumbnail\"><img loading=\"lazy\" decoding=\"async\" width=\"2016\" height=\"1164\" src=\"https:\/\/spezialholzerei-schauli.ch\/cms\/wp-content\/uploads\/2023\/03\/Merlo-Spezialfaellarbeiten.jpg\" class=\"attachment-full size-full wp-image-729\" alt=\"\" srcset=\"https:\/\/spezialholzerei-schauli.ch\/cms\/wp-content\/uploads\/2023\/03\/Merlo-Spezialfaellarbeiten.jpg 2016w, https:\/\/spezialholzerei-schauli.ch\/cms\/wp-content\/uploads\/2023\/03\/Merlo-Spezialfaellarbeiten-300x173.jpg 300w, https:\/\/spezialholzerei-schauli.ch\/cms\/wp-content\/uploads\/2023\/03\/Merlo-Spezialfaellarbeiten-1024x591.jpg 1024w, https:\/\/spezialholzerei-schauli.ch\/cms\/wp-content\/uploads\/2023\/03\/Merlo-Spezialfaellarbeiten-768x443.jpg 768w, https:\/\/spezialholzerei-schauli.ch\/cms\/wp-content\/uploads\/2023\/03\/Merlo-Spezialfaellarbeiten-1536x887.jpg 1536w\" sizes=\"(max-width: 2016px) 100vw, 2016px\" \/><\/div><\/a>\n\t\t\t\t<div class=\"elementor-post__text\">\n\t\t\t\t<h3 class=\"elementor-post__title\">\n\t\t\t<a href=\"https:\/\/spezialholzerei-schauli.ch\/cms\/teleskopstapler-merlo-60-24-mcss-roto\/\" >\n\t\t\t\tTeleskopstapler Merlo 60.24 MCSS ROTO\t\t\t<\/a>\n\t\t<\/h3>\n\t\t\t\t<div class=\"elementor-post__excerpt\">\n\t\t\t<p>Merlo Roto Hebeb\u00fchne diverse Hebeb\u00fchnenarbeiten an unzug\u00e4nglichen Stellen Arbeiten an den Strommasten des AEWs Dachaufbauten Kaminsanierungen Fenstereinbau Heben von Lasten bis zu 6 Tonnen Gewicht.<\/p>\n\t\t<\/div>\n\t\t\n\t\t<a class=\"elementor-post__read-more\" href=\"https:\/\/spezialholzerei-schauli.ch\/cms\/teleskopstapler-merlo-60-24-mcss-roto\/\" aria-label=\"Mehr \u00fcber Teleskopstapler Merlo 60.24 MCSS ROTO\" tabindex=\"-1\" >\n\t\t\tAnzeigen \u00bb\t\t<\/a>\n\n\t\t\t\t<\/div>\n\t\t\t\t\t<\/div>\n\t\t<\/article>\n\t\t\t\t<article class=\"elementor-post elementor-grid-item post-1432 post type-post status-publish format-standard has-post-thumbnail hentry category-maschine\" role=\"listitem\">\n\t\t\t<div class=\"elementor-post__card\">\n\t\t\t\t<a class=\"elementor-post__thumbnail__link\" href=\"https:\/\/spezialholzerei-schauli.ch\/cms\/wurzelstockfraese\/\" tabindex=\"-1\" ><div class=\"elementor-post__thumbnail\"><img loading=\"lazy\" decoding=\"async\" width=\"1600\" height=\"1200\" src=\"https:\/\/spezialholzerei-schauli.ch\/cms\/wp-content\/uploads\/2023\/05\/PHOTO-2023-04-26-11-47-31.jpg\" class=\"attachment-full size-full wp-image-1441\" alt=\"\" srcset=\"https:\/\/spezialholzerei-schauli.ch\/cms\/wp-content\/uploads\/2023\/05\/PHOTO-2023-04-26-11-47-31.jpg 1600w, https:\/\/spezialholzerei-schauli.ch\/cms\/wp-content\/uploads\/2023\/05\/PHOTO-2023-04-26-11-47-31-300x225.jpg 300w, https:\/\/spezialholzerei-schauli.ch\/cms\/wp-content\/uploads\/2023\/05\/PHOTO-2023-04-26-11-47-31-1024x768.jpg 1024w, https:\/\/spezialholzerei-schauli.ch\/cms\/wp-content\/uploads\/2023\/05\/PHOTO-2023-04-26-11-47-31-768x576.jpg 768w, https:\/\/spezialholzerei-schauli.ch\/cms\/wp-content\/uploads\/2023\/05\/PHOTO-2023-04-26-11-47-31-1536x1152.jpg 1536w\" sizes=\"(max-width: 1600px) 100vw, 1600px\" \/><\/div><\/a>\n\t\t\t\t<div class=\"elementor-post__text\">\n\t\t\t\t<h3 class=\"elementor-post__title\">\n\t\t\t<a href=\"https:\/\/spezialholzerei-schauli.ch\/cms\/wurzelstockfraese\/\" >\n\t\t\t\tWurzelstockfr\u00e4se\t\t\t<\/a>\n\t\t<\/h3>\n\t\t\t\t<div class=\"elementor-post__excerpt\">\n\t\t\t<p>Mit unseren zwei wendigen Vermeer Wurzelstockfr\u00e4sen gelangen wir in jeden Garten und kommen auch in jedem Gel\u00e4nde gut zurecht.<\/p>\n\t\t<\/div>\n\t\t\n\t\t<a class=\"elementor-post__read-more\" href=\"https:\/\/spezialholzerei-schauli.ch\/cms\/wurzelstockfraese\/\" aria-label=\"Mehr \u00fcber Wurzelstockfr\u00e4se\" tabindex=\"-1\" >\n\t\t\tAnzeigen \u00bb\t\t<\/a>\n\n\t\t\t\t<\/div>\n\t\t\t\t\t<\/div>\n\t\t<\/article>\n\t\t\t\t<article class=\"elementor-post elementor-grid-item post-1459 post type-post status-publish format-standard has-post-thumbnail hentry category-maschine\" role=\"listitem\">\n\t\t\t<div class=\"elementor-post__card\">\n\t\t\t\t<a class=\"elementor-post__thumbnail__link\" href=\"https:\/\/spezialholzerei-schauli.ch\/cms\/wurzelstockfraese-ahwi-sf1100\/\" tabindex=\"-1\" ><div class=\"elementor-post__thumbnail\"><img loading=\"lazy\" decoding=\"async\" width=\"1600\" height=\"1200\" src=\"https:\/\/spezialholzerei-schauli.ch\/cms\/wp-content\/uploads\/2023\/05\/PHOTO-2023-04-26-11-59-21.jpg\" class=\"attachment-full size-full wp-image-1460\" alt=\"\" srcset=\"https:\/\/spezialholzerei-schauli.ch\/cms\/wp-content\/uploads\/2023\/05\/PHOTO-2023-04-26-11-59-21.jpg 1600w, https:\/\/spezialholzerei-schauli.ch\/cms\/wp-content\/uploads\/2023\/05\/PHOTO-2023-04-26-11-59-21-300x225.jpg 300w, https:\/\/spezialholzerei-schauli.ch\/cms\/wp-content\/uploads\/2023\/05\/PHOTO-2023-04-26-11-59-21-1024x768.jpg 1024w, https:\/\/spezialholzerei-schauli.ch\/cms\/wp-content\/uploads\/2023\/05\/PHOTO-2023-04-26-11-59-21-768x576.jpg 768w, https:\/\/spezialholzerei-schauli.ch\/cms\/wp-content\/uploads\/2023\/05\/PHOTO-2023-04-26-11-59-21-1536x1152.jpg 1536w\" sizes=\"(max-width: 1600px) 100vw, 1600px\" \/><\/div><\/a>\n\t\t\t\t<div class=\"elementor-post__text\">\n\t\t\t\t<h3 class=\"elementor-post__title\">\n\t\t\t<a href=\"https:\/\/spezialholzerei-schauli.ch\/cms\/wurzelstockfraese-ahwi-sf1100\/\" >\n\t\t\t\tWurzelstockfr\u00e4se AHWI SF1100\t\t\t<\/a>\n\t\t<\/h3>\n\t\t\t\t<div class=\"elementor-post__excerpt\">\n\t\t\t<p>Das Fr\u00e4sen von grossen Baumst\u00f6cken gelingt mit unserer Wurzelstockfr\u00e4se schnell und m\u00fchelos.<\/p>\n\t\t<\/div>\n\t\t\n\t\t<a class=\"elementor-post__read-more\" href=\"https:\/\/spezialholzerei-schauli.ch\/cms\/wurzelstockfraese-ahwi-sf1100\/\" aria-label=\"Mehr \u00fcber Wurzelstockfr\u00e4se AHWI SF1100\" tabindex=\"-1\" >\n\t\t\tAnzeigen \u00bb\t\t<\/a>\n\n\t\t\t\t<\/div>\n\t\t\t\t\t<\/div>\n\t\t<\/article>\n\t\t\t\t<\/div>\n\t\t\t\t\t<span class=\"e-load-more-spinner\">\n\t\t\t\t<i aria-hidden=\"true\" class=\"fas fa-sync\"><\/i>\t\t\t<\/span>\n\t\t\n\t\t\t\t\t\t<\/div>\n\t\t\t\t<\/div>\n\t\t\t\t\t<\/div>\n\t\t<\/div>\n\t\t\t\t\t<\/div>\n\t\t<\/section>\n\t\t\t\t<\/div>\n\t\t","protected":false},"excerpt":{"rendered":"","protected":false},"author":1,"featured_media":0,"parent":0,"menu_order":0,"comment_status":"closed","ping_status":"closed","template":"","meta":{"footnotes":""},"class_list":["post-1124","page","type-page","status-publish","hentry"],"_links":{"self":[{"href":"https:\/\/spezialholzerei-schauli.ch\/cms\/wp-json\/wp\/v2\/pages\/1124","targetHints":{"allow":["GET"]}}],"collection":[{"href":"https:\/\/spezialholzerei-schauli.ch\/cms\/wp-json\/wp\/v2\/pages"}],"about":[{"href":"https:\/\/spezialholzerei-schauli.ch\/cms\/wp-json\/wp\/v2\/types\/page"}],"author":[{"embeddable":true,"href":"https:\/\/spezialholzerei-schauli.ch\/cms\/wp-json\/wp\/v2\/users\/1"}],"replies":[{"embeddable":true,"href":"https:\/\/spezialholzerei-schauli.ch\/cms\/wp-json\/wp\/v2\/comments?post=1124"}],"version-history":[{"count":0,"href":"https:\/\/spezialholzerei-schauli.ch\/cms\/wp-json\/wp\/v2\/pages\/1124\/revisions"}],"wp:attachment":[{"href":"https:\/\/spezialholzerei-schauli.ch\/cms\/wp-json\/wp\/v2\/media?parent=1124"}],"curies":[{"name":"wp","href":"https:\/\/api.w.org\/{rel}","templated":true}]}}