{"id":1334,"date":"2023-05-02T07:16:13","date_gmt":"2023-05-02T07:16:13","guid":{"rendered":"https:\/\/spezialholzerei-schauli.ch\/cms\/?page_id=1334"},"modified":"2023-06-28T17:34:57","modified_gmt":"2023-06-28T17:34:57","slug":"news","status":"publish","type":"page","link":"https:\/\/spezialholzerei-schauli.ch\/cms\/news\/","title":{"rendered":"News"},"content":{"rendered":"\t\t<div data-elementor-type=\"wp-page\" data-elementor-id=\"1334\" class=\"elementor elementor-1334\" data-elementor-post-type=\"page\">\n\t\t\t\t\t\t<section class=\"elementor-section elementor-top-section elementor-element elementor-element-731e77d elementor-section-full_width elementor-section-height-default elementor-section-height-default elementor-invisible\" data-id=\"731e77d\" data-element_type=\"section\" data-e-type=\"section\" data-settings=\"{&quot;animation&quot;:&quot;zoomInUp&quot;}\">\n\t\t\t\t\t\t<div class=\"elementor-container elementor-column-gap-default\">\n\t\t\t\t\t<div class=\"elementor-column elementor-col-100 elementor-top-column elementor-element elementor-element-2ab9459\" data-id=\"2ab9459\" data-element_type=\"column\" data-e-type=\"column\">\n\t\t\t<div class=\"elementor-widget-wrap elementor-element-populated\">\n\t\t\t\t\t\t<div class=\"elementor-element elementor-element-745c9c6 elementor-grid-tablet-1 elementor-grid-3 elementor-grid-mobile-1 elementor-posts--thumbnail-top elementor-card-shadow-yes elementor-posts__hover-gradient elementor-invisible elementor-widget elementor-widget-posts\" data-id=\"745c9c6\" data-element_type=\"widget\" data-e-type=\"widget\" data-settings=\"{&quot;_animation&quot;:&quot;zoomIn&quot;,&quot;cards_row_gap&quot;:{&quot;unit&quot;:&quot;px&quot;,&quot;size&quot;:30,&quot;sizes&quot;:[]},&quot;cards_columns_tablet&quot;:&quot;1&quot;,&quot;cards_columns&quot;:&quot;3&quot;,&quot;cards_columns_mobile&quot;:&quot;1&quot;,&quot;cards_row_gap_tablet&quot;:{&quot;unit&quot;:&quot;px&quot;,&quot;size&quot;:&quot;&quot;,&quot;sizes&quot;:[]},&quot;cards_row_gap_mobile&quot;:{&quot;unit&quot;:&quot;px&quot;,&quot;size&quot;:&quot;&quot;,&quot;sizes&quot;:[]}}\" data-widget_type=\"posts.cards\">\n\t\t\t\t<div class=\"elementor-widget-container\">\n\t\t\t\t\t\t\t<div class=\"elementor-posts-container elementor-posts elementor-posts--skin-cards elementor-grid\" role=\"list\">\n\t\t\t\t<article class=\"elementor-post elementor-grid-item post-527 post type-post status-publish format-standard has-post-thumbnail hentry category-news\" role=\"listitem\">\n\t\t\t<div class=\"elementor-post__card\">\n\t\t\t\t<a class=\"elementor-post__thumbnail__link\" href=\"https:\/\/spezialholzerei-schauli.ch\/cms\/neue-website\/\" tabindex=\"-1\" ><div class=\"elementor-post__thumbnail\"><img fetchpriority=\"high\" decoding=\"async\" width=\"2500\" height=\"1875\" src=\"https:\/\/spezialholzerei-schauli.ch\/cms\/wp-content\/uploads\/2023\/05\/Spezialholzerei-Basel-Zuerich.jpg\" class=\"attachment-full size-full wp-image-1929\" alt=\"\" srcset=\"https:\/\/spezialholzerei-schauli.ch\/cms\/wp-content\/uploads\/2023\/05\/Spezialholzerei-Basel-Zuerich.jpg 2500w, https:\/\/spezialholzerei-schauli.ch\/cms\/wp-content\/uploads\/2023\/05\/Spezialholzerei-Basel-Zuerich-300x225.jpg 300w, https:\/\/spezialholzerei-schauli.ch\/cms\/wp-content\/uploads\/2023\/05\/Spezialholzerei-Basel-Zuerich-1024x768.jpg 1024w, https:\/\/spezialholzerei-schauli.ch\/cms\/wp-content\/uploads\/2023\/05\/Spezialholzerei-Basel-Zuerich-768x576.jpg 768w, https:\/\/spezialholzerei-schauli.ch\/cms\/wp-content\/uploads\/2023\/05\/Spezialholzerei-Basel-Zuerich-1536x1152.jpg 1536w, https:\/\/spezialholzerei-schauli.ch\/cms\/wp-content\/uploads\/2023\/05\/Spezialholzerei-Basel-Zuerich-2048x1536.jpg 2048w\" sizes=\"(max-width: 2500px) 100vw, 2500px\" \/><\/div><\/a>\n\t\t\t\t<div class=\"elementor-post__text\">\n\t\t\t\t<h3 class=\"elementor-post__title\">\n\t\t\t<a href=\"https:\/\/spezialholzerei-schauli.ch\/cms\/neue-website\/\" >\n\t\t\t\tNeue Website\t\t\t<\/a>\n\t\t<\/h3>\n\t\t\t\t<div class=\"elementor-post__excerpt\">\n\t\t\t<p>In Zusammenarbeit mit Muelhaupt Media entstand unsere neue Website. Wir hoffen Sie finden sich gut zurecht und w\u00fcnschen Ihnen ein angenehmes Durchforsten unserer Seiten. \u00dcber<\/p>\n\t\t<\/div>\n\t\t\n\t\t<a class=\"elementor-post__read-more\" href=\"https:\/\/spezialholzerei-schauli.ch\/cms\/neue-website\/\" aria-label=\"Mehr \u00fcber Neue Website\" tabindex=\"-1\" >\n\t\t\tWeiterlesen \u00bb\t\t<\/a>\n\n\t\t\t\t<\/div>\n\t\t\t\t\t<\/div>\n\t\t<\/article>\n\t\t\t\t<article class=\"elementor-post elementor-grid-item post-524 post type-post status-publish format-standard has-post-thumbnail hentry category-news\" role=\"listitem\">\n\t\t\t<div class=\"elementor-post__card\">\n\t\t\t\t<a class=\"elementor-post__thumbnail__link\" href=\"https:\/\/spezialholzerei-schauli.ch\/cms\/neues-firmengebaeude\/\" tabindex=\"-1\" ><div class=\"elementor-post__thumbnail\"><img decoding=\"async\" width=\"2500\" height=\"1406\" src=\"https:\/\/spezialholzerei-schauli.ch\/cms\/wp-content\/uploads\/2023\/05\/Schauli-firmengebaeude.jpg\" class=\"attachment-full size-full wp-image-1794\" alt=\"\" srcset=\"https:\/\/spezialholzerei-schauli.ch\/cms\/wp-content\/uploads\/2023\/05\/Schauli-firmengebaeude.jpg 2500w, https:\/\/spezialholzerei-schauli.ch\/cms\/wp-content\/uploads\/2023\/05\/Schauli-firmengebaeude-300x169.jpg 300w, https:\/\/spezialholzerei-schauli.ch\/cms\/wp-content\/uploads\/2023\/05\/Schauli-firmengebaeude-1024x576.jpg 1024w, https:\/\/spezialholzerei-schauli.ch\/cms\/wp-content\/uploads\/2023\/05\/Schauli-firmengebaeude-768x432.jpg 768w, https:\/\/spezialholzerei-schauli.ch\/cms\/wp-content\/uploads\/2023\/05\/Schauli-firmengebaeude-1536x864.jpg 1536w, https:\/\/spezialholzerei-schauli.ch\/cms\/wp-content\/uploads\/2023\/05\/Schauli-firmengebaeude-2048x1152.jpg 2048w\" sizes=\"(max-width: 2500px) 100vw, 2500px\" \/><\/div><\/a>\n\t\t\t\t<div class=\"elementor-post__text\">\n\t\t\t\t<h3 class=\"elementor-post__title\">\n\t\t\t<a href=\"https:\/\/spezialholzerei-schauli.ch\/cms\/neues-firmengebaeude\/\" >\n\t\t\t\tNeues Firmengeb\u00e4ude\t\t\t<\/a>\n\t\t<\/h3>\n\t\t\t\t<div class=\"elementor-post__excerpt\">\n\t\t\t<p>Unser neues Firmengeb\u00e4ude beherbergt einen umfangreichen Maschinenpark. F\u00fcr unsere Bed\u00fcrfnisse geplant und gebaut, freuen wir uns nun \u00fcber unser brandneues Zuhause. Ausreichend Fl\u00e4che und Platz<\/p>\n\t\t<\/div>\n\t\t\n\t\t<a class=\"elementor-post__read-more\" href=\"https:\/\/spezialholzerei-schauli.ch\/cms\/neues-firmengebaeude\/\" aria-label=\"Mehr \u00fcber Neues Firmengeb\u00e4ude\" tabindex=\"-1\" >\n\t\t\tWeiterlesen \u00bb\t\t<\/a>\n\n\t\t\t\t<\/div>\n\t\t\t\t\t<\/div>\n\t\t<\/article>\n\t\t\t\t<article class=\"elementor-post elementor-grid-item post-522 post type-post status-publish format-standard has-post-thumbnail hentry category-news\" role=\"listitem\">\n\t\t\t<div class=\"elementor-post__card\">\n\t\t\t\t<a class=\"elementor-post__thumbnail__link\" href=\"https:\/\/spezialholzerei-schauli.ch\/cms\/holzschnitzelservice\/\" tabindex=\"-1\" ><div class=\"elementor-post__thumbnail\"><img decoding=\"async\" width=\"1600\" height=\"1200\" src=\"https:\/\/spezialholzerei-schauli.ch\/cms\/wp-content\/uploads\/2023\/05\/PHOTO-2023-04-26-11-42-19-2.jpg\" class=\"attachment-full size-full wp-image-1475\" alt=\"\" srcset=\"https:\/\/spezialholzerei-schauli.ch\/cms\/wp-content\/uploads\/2023\/05\/PHOTO-2023-04-26-11-42-19-2.jpg 1600w, https:\/\/spezialholzerei-schauli.ch\/cms\/wp-content\/uploads\/2023\/05\/PHOTO-2023-04-26-11-42-19-2-300x225.jpg 300w, https:\/\/spezialholzerei-schauli.ch\/cms\/wp-content\/uploads\/2023\/05\/PHOTO-2023-04-26-11-42-19-2-1024x768.jpg 1024w, https:\/\/spezialholzerei-schauli.ch\/cms\/wp-content\/uploads\/2023\/05\/PHOTO-2023-04-26-11-42-19-2-768x576.jpg 768w, https:\/\/spezialholzerei-schauli.ch\/cms\/wp-content\/uploads\/2023\/05\/PHOTO-2023-04-26-11-42-19-2-1536x1152.jpg 1536w\" sizes=\"(max-width: 1600px) 100vw, 1600px\" \/><\/div><\/a>\n\t\t\t\t<div class=\"elementor-post__text\">\n\t\t\t\t<h3 class=\"elementor-post__title\">\n\t\t\t<a href=\"https:\/\/spezialholzerei-schauli.ch\/cms\/holzschnitzelservice\/\" >\n\t\t\t\tHolzschnitzel &#8211; Service\t\t\t<\/a>\n\t\t<\/h3>\n\t\t\t\t<div class=\"elementor-post__excerpt\">\n\t\t\t<p>Schon gewusst? Wir bedienen kleine wie grosse Schnitzelheizungen in der Umgebung. Durch die grosse Lagerhalle, in der wir 3000 m3 Holzschnitzel trocken lagern k\u00f6nnen, verhindern<\/p>\n\t\t<\/div>\n\t\t\n\t\t<a class=\"elementor-post__read-more\" href=\"https:\/\/spezialholzerei-schauli.ch\/cms\/holzschnitzelservice\/\" aria-label=\"Mehr \u00fcber Holzschnitzel &#8211; Service\" tabindex=\"-1\" >\n\t\t\tWeiterlesen \u00bb\t\t<\/a>\n\n\t\t\t\t<\/div>\n\t\t\t\t\t<\/div>\n\t\t<\/article>\n\t\t\t\t<\/div>\n\t\t\n\t\t\t\t\t\t<\/div>\n\t\t\t\t<\/div>\n\t\t\t\t\t<\/div>\n\t\t<\/div>\n\t\t\t\t\t<\/div>\n\t\t<\/section>\n\t\t\t\t<\/div>\n\t\t","protected":false},"excerpt":{"rendered":"","protected":false},"author":1,"featured_media":0,"parent":0,"menu_order":0,"comment_status":"closed","ping_status":"closed","template":"","meta":{"footnotes":""},"class_list":["post-1334","page","type-page","status-publish","hentry"],"_links":{"self":[{"href":"https:\/\/spezialholzerei-schauli.ch\/cms\/wp-json\/wp\/v2\/pages\/1334","targetHints":{"allow":["GET"]}}],"collection":[{"href":"https:\/\/spezialholzerei-schauli.ch\/cms\/wp-json\/wp\/v2\/pages"}],"about":[{"href":"https:\/\/spezialholzerei-schauli.ch\/cms\/wp-json\/wp\/v2\/types\/page"}],"author":[{"embeddable":true,"href":"https:\/\/spezialholzerei-schauli.ch\/cms\/wp-json\/wp\/v2\/users\/1"}],"replies":[{"embeddable":true,"href":"https:\/\/spezialholzerei-schauli.ch\/cms\/wp-json\/wp\/v2\/comments?post=1334"}],"version-history":[{"count":0,"href":"https:\/\/spezialholzerei-schauli.ch\/cms\/wp-json\/wp\/v2\/pages\/1334\/revisions"}],"wp:attachment":[{"href":"https:\/\/spezialholzerei-schauli.ch\/cms\/wp-json\/wp\/v2\/media?parent=1334"}],"curies":[{"name":"wp","href":"https:\/\/api.w.org\/{rel}","templated":true}]}}